{"id":1254,"date":"2024-10-27T17:31:58","date_gmt":"2024-10-27T16:31:58","guid":{"rendered":"https:\/\/picturalmindcontrol.com\/?page_id=1254"},"modified":"2024-10-27T18:21:30","modified_gmt":"2024-10-27T17:21:30","slug":"1254-2","status":"publish","type":"page","link":"https:\/\/picturalmindcontrol.com\/index.php\/1254-2\/","title":{"rendered":""},"content":{"rendered":"\t\t<div data-elementor-type=\"wp-page\" data-elementor-id=\"1254\" class=\"elementor elementor-1254\">\n\t\t\t\t<div class=\"elementor-element elementor-element-30c72645 e-con-full e-flex e-con e-parent\" data-id=\"30c72645\" data-element_type=\"container\">\n\t\t\t\t<div class=\"elementor-element elementor-element-661dae10 elementor-widget elementor-widget-text-editor\" data-id=\"661dae10\" data-element_type=\"widget\" data-widget_type=\"text-editor.default\">\n\t\t\t\t<div class=\"elementor-widget-container\">\n\t\t\t\t\t\t\t\t\t\n<p>Je n\u2019ai qu\u2019une envie, aller aux toilettes me rincer le visage \u00e0 l\u2019eau froide. Je parcours les longs couloirs jusqu&rsquo;\u00e0 enfin les trouver. J\u2019entre et je me mets face \u00e0 un miroir, je r\u00e9p\u00e8te silencieusement \u201cTout cela n\u2019est pas r\u00e9el, pas r\u00e9el, pas r\u00e9el\u2026\u201d quand soudain&#8230;<\/p>\n\n\n\n<figure class=\"wp-block-audio\"><audio controls src=\"https:\/\/picturalmindcontrol.com\/wp-content\/uploads\/2024\/01\/BLOODY-NIGHT.wav\"><\/audio><\/figure>\n\n\n\n<p class=\"has-text-align-center\">\u00c7a y est, c&rsquo;est bient\u00f4t l&rsquo;heure de ma TRANS. J&rsquo;ai peur, mais plus de retour en arri\u00e8re possible, j&rsquo;y vais.<\/p>\n\t\t\t\t\t\t\t\t<\/div>\n\t\t\t\t<\/div>\n\t\t\t\t<\/div>\n\t\t\t\t<\/div>\n\t\t","protected":false},"excerpt":{"rendered":"<p>Je n\u2019ai qu\u2019une envie, aller aux toilettes me rincer le visage \u00e0 l\u2019eau froide. Je parcours les longs couloirs jusqu&rsquo;\u00e0 enfin les trouver. J\u2019entre et je me mets face \u00e0 un miroir, je r\u00e9p\u00e8te silencieusement \u201cTout cela n\u2019est pas r\u00e9el, pas r\u00e9el, pas r\u00e9el\u2026\u201d quand soudain&#8230; \u00c7a y est, c&rsquo;est bient\u00f4t l&rsquo;heure de ma TRANS.<\/p>\n","protected":false},"author":2,"featured_media":0,"parent":0,"menu_order":0,"comment_status":"closed","ping_status":"closed","template":"","meta":{"_monsterinsights_skip_tracking":false,"_monsterinsights_sitenote_active":false,"_monsterinsights_sitenote_note":"","_monsterinsights_sitenote_category":0,"footnotes":""},"class_list":["post-1254","page","type-page","status-publish","hentry"],"aioseo_notices":[],"_links":{"self":[{"href":"https:\/\/picturalmindcontrol.com\/index.php\/wp-json\/wp\/v2\/pages\/1254","targetHints":{"allow":["GET"]}}],"collection":[{"href":"https:\/\/picturalmindcontrol.com\/index.php\/wp-json\/wp\/v2\/pages"}],"about":[{"href":"https:\/\/picturalmindcontrol.com\/index.php\/wp-json\/wp\/v2\/types\/page"}],"author":[{"embeddable":true,"href":"https:\/\/picturalmindcontrol.com\/index.php\/wp-json\/wp\/v2\/users\/2"}],"replies":[{"embeddable":true,"href":"https:\/\/picturalmindcontrol.com\/index.php\/wp-json\/wp\/v2\/comments?post=1254"}],"version-history":[{"count":6,"href":"https:\/\/picturalmindcontrol.com\/index.php\/wp-json\/wp\/v2\/pages\/1254\/revisions"}],"predecessor-version":[{"id":1273,"href":"https:\/\/picturalmindcontrol.com\/index.php\/wp-json\/wp\/v2\/pages\/1254\/revisions\/1273"}],"wp:attachment":[{"href":"https:\/\/picturalmindcontrol.com\/index.php\/wp-json\/wp\/v2\/media?parent=1254"}],"curies":[{"name":"wp","href":"https:\/\/api.w.org\/{rel}","templated":true}]}}